{"id":69,"date":"2016-04-19T12:15:43","date_gmt":"2016-04-19T12:15:43","guid":{"rendered":"http:\/\/suapsique.com.br\/?page_id=69"},"modified":"2022-02-22T19:28:48","modified_gmt":"2022-02-22T19:28:48","slug":"home","status":"publish","type":"page","link":"https:\/\/suapsique.com.br\/","title":{"rendered":"Home"},"content":{"rendered":"<p>[vc_row full_width=&#8221;stretch_row&#8221; inverse=&#8221;&#8221; css=&#8221;.vc_custom_1519481490859{background-color: #27abb7 !important;}&#8221; el_id=&#8221;1&#8243;][vc_column width=&#8221;1\/12&#8243;][\/vc_column][vc_column width=&#8221;5\/6&#8243; css=&#8221;.vc_custom_1461674735456{margin-top: 3.9em !important;margin-bottom: 2.1em !important;}&#8221;]<figure class=\"sc_image  alignleft sc_image_shape_round margin_top_tiny- margin_left_small\" style=\"width:225px;\"><img src=\"https:\/\/suapsique.com.br\/wp-content\/uploads\/2018\/02\/helly-225x225.png\" alt=\"\" \/><\/figure><div class=\"sc_section margin_left_tiny inverse_section\"><div class=\"sc_section_inner\"><h6 class=\"sc_section_subtitle sc_item_subtitle\">Sobre mim<\/h6><h1 class=\"sc_section_title sc_item_title\">Bem-vindo! Meu nome \u00e9 Cristiane Issas!<\/h1><div class=\"sc_section_descr sc_item_descr\">Sou psic\u00f3loga cl\u00ednica e trabalho com o objetivo de ajudar na busca de uma melhor qualidade de vida.<\/div><div class=\"sc_section_content_wrap\"><\/div><\/div><\/div>[\/vc_column][\/vc_row][vc_row el_id=&#8221;3&#8243;][vc_column 0=&#8221;&#8221;]<div class=\"sc_section margin_top_huge margin_bottom_tiny aligncenter\"><div class=\"sc_section_inner\"><h6 class=\"sc_section_subtitle sc_item_subtitle\">Saiba em detalhes<\/h6><h1 class=\"sc_section_title sc_item_title\">O que eu ofere\u00e7o<\/h1><div class=\"sc_section_content_wrap\"><div id=\"sc_services_1389901333_wrap\" class=\"sc_services_wrap\"><div id=\"sc_services_1389901333\" class=\"sc_services sc_services_style_services-1 sc_services_type_images \" style=\"width:100%;\"><div class=\"sc_columns columns_wrap\"><div class=\"column-1_4 column_padding_bottom\">\t\t\t<div id=\"sc_services_1389901333_1\"\t\t\t\tclass=\"sc_services_item sc_services_item_1 odd first\"\r\n\t\t\t\t>\r\n\t\t\t\t\t\t\t\t\t<div class=\"sc_services_item_featured post_featured\">\r\n\t\t\t\t\t\t\t<div class=\"post_thumb\" data-image=\"https:\/\/suapsique.com.br\/wp-content\/uploads\/2018\/02\/instapsicodiagn\u00f3stico.png\" data-title=\"Psicodiagn\u00f3stico\">\n\t<a class=\"hover_icon hover_icon_link\" href=\"https:\/\/suapsique.com.br\/?services=psicodiagnostico\"><img class=\"wp-post-image\" width=\"138\" height=\"138\" alt=\"Psicodiagn\u00f3stico\" src=\"https:\/\/suapsique.com.br\/wp-content\/uploads\/2018\/02\/instapsicodiagn\u00f3stico-138x138.png\"><\/a>\t<\/div>\n\t\t\t\t\t\t<\/div>\r\n\t\t\t\t\t\t\t\t\t<div class=\"sc_services_item_content\">\r\n\t\t\t\t\t<h4 class=\"sc_services_item_title\"><a href=\"https:\/\/suapsique.com.br\/?services=psicodiagnostico\">Psicodiagn\u00f3stico<\/a><\/h4>\r\n\t\t\t\t\t<div class=\"sc_services_item_description\">\r\n\t\t\t\t\t\t<p>\u00c9 o diagn\u00f3stico psicol\u00f3gico desenvolvido para identificar as causas dos transtornos mentais e\/ou emocionais como TDAH (Transtorno do d\u00e9ficit de...<\/p><a href=\"https:\/\/suapsique.com.br\/?services=psicodiagnostico\" class=\"sc_services_item_readmore\">Saiba mais<span class=\"icon-double-right\"><\/span><\/a>\t\t\t\t\t<\/div>\r\n\t\t\t\t<\/div>\r\n\t\t\t<\/div>\r\n\t\t<\/div><div class=\"column-1_4 column_padding_bottom\">\t\t\t<div id=\"sc_services_1389901333_2\"\t\t\t\tclass=\"sc_services_item sc_services_item_2 even\"\r\n\t\t\t\t>\r\n\t\t\t\t\t\t\t\t\t<div class=\"sc_services_item_featured post_featured\">\r\n\t\t\t\t\t\t\t<div class=\"post_thumb\" data-image=\"https:\/\/suapsique.com.br\/wp-content\/uploads\/2018\/02\/instapsicodiagn\u00f3stico-copy.png\" data-title=\"EMDR, Brainspotting e Coer\u00eancia Card\u00edaca\">\n\t<a class=\"hover_icon hover_icon_link\" href=\"https:\/\/suapsique.com.br\/?services=emdr-brainspotting-e-coerencia-cardiaca\"><img class=\"wp-post-image\" width=\"138\" height=\"138\" alt=\"EMDR, Brainspotting e Coer\u00eancia Card\u00edaca\" src=\"https:\/\/suapsique.com.br\/wp-content\/uploads\/2018\/02\/instapsicodiagn\u00f3stico-copy-138x138.png\"><\/a>\t<\/div>\n\t\t\t\t\t\t<\/div>\r\n\t\t\t\t\t\t\t\t\t<div class=\"sc_services_item_content\">\r\n\t\t\t\t\t<h4 class=\"sc_services_item_title\"><a href=\"https:\/\/suapsique.com.br\/?services=emdr-brainspotting-e-coerencia-cardiaca\">EMDR, Brainspotting e Coer\u00eancia Card\u00edaca<\/a><\/h4>\r\n\t\t\t\t\t<div class=\"sc_services_item_description\">\r\n\t\t\t\t\t\t<p>Essas s\u00e3o novas e eficientes ferramentas usadas em psicoterapia, dentro do paradigma de uma potencializa\u00e7\u00e3o neurobiol\u00f3gica por estimula\u00e7\u00f5es...<\/p><a href=\"https:\/\/suapsique.com.br\/?services=emdr-brainspotting-e-coerencia-cardiaca\" class=\"sc_services_item_readmore\">Saiba mais<span class=\"icon-double-right\"><\/span><\/a>\t\t\t\t\t<\/div>\r\n\t\t\t\t<\/div>\r\n\t\t\t<\/div>\r\n\t\t<\/div><div class=\"column-1_4 column_padding_bottom\">\t\t\t<div id=\"sc_services_1389901333_3\"\t\t\t\tclass=\"sc_services_item sc_services_item_3 odd\"\r\n\t\t\t\t>\r\n\t\t\t\t\t\t\t\t\t<div class=\"sc_services_item_featured post_featured\">\r\n\t\t\t\t\t\t\t<div class=\"post_thumb\" data-image=\"https:\/\/suapsique.com.br\/wp-content\/uploads\/2018\/02\/instapsicoterapia-1.png\" data-title=\"Hipnose e Regress\u00e3o\">\n\t<a class=\"hover_icon hover_icon_link\" href=\"https:\/\/suapsique.com.br\/?services=hipnose-e-regressao\"><img class=\"wp-post-image\" width=\"138\" height=\"138\" alt=\"Hipnose e Regress\u00e3o\" src=\"https:\/\/suapsique.com.br\/wp-content\/uploads\/2018\/02\/instapsicoterapia-1-138x138.png\"><\/a>\t<\/div>\n\t\t\t\t\t\t<\/div>\r\n\t\t\t\t\t\t\t\t\t<div class=\"sc_services_item_content\">\r\n\t\t\t\t\t<h4 class=\"sc_services_item_title\"><a href=\"https:\/\/suapsique.com.br\/?services=hipnose-e-regressao\">Hipnose e Regress\u00e3o<\/a><\/h4>\r\n\t\t\t\t\t<div class=\"sc_services_item_description\">\r\n\t\t\t\t\t\t<p>A hipnose cl\u00ednica \u00e9 completamente diferente da hipnose de palco no que se refere ao aprofundamento do estado hipn\u00f3tico e no uso desse estado. A...<\/p><a href=\"https:\/\/suapsique.com.br\/?services=hipnose-e-regressao\" class=\"sc_services_item_readmore\">Saiba mais<span class=\"icon-double-right\"><\/span><\/a>\t\t\t\t\t<\/div>\r\n\t\t\t\t<\/div>\r\n\t\t\t<\/div>\r\n\t\t<\/div><div class=\"column-1_4 column_padding_bottom\">\t\t\t<div id=\"sc_services_1389901333_4\"\t\t\t\tclass=\"sc_services_item sc_services_item_4 even\"\r\n\t\t\t\t>\r\n\t\t\t\t\t\t\t\t\t<div class=\"sc_services_item_featured post_featured\">\r\n\t\t\t\t\t\t\t<div class=\"post_thumb\" data-image=\"https:\/\/suapsique.com.br\/wp-content\/uploads\/2018\/02\/instapsico.png\" data-title=\"Psicoterapia\">\n\t<a class=\"hover_icon hover_icon_link\" href=\"https:\/\/suapsique.com.br\/?services=psicoterapia\"><img class=\"wp-post-image\" width=\"138\" height=\"138\" alt=\"Psicoterapia\" src=\"https:\/\/suapsique.com.br\/wp-content\/uploads\/2018\/02\/instapsico-138x138.png\"><\/a>\t<\/div>\n\t\t\t\t\t\t<\/div>\r\n\t\t\t\t\t\t\t\t\t<div class=\"sc_services_item_content\">\r\n\t\t\t\t\t<h4 class=\"sc_services_item_title\"><a href=\"https:\/\/suapsique.com.br\/?services=psicoterapia\">Psicoterapia<\/a><\/h4>\r\n\t\t\t\t\t<div class=\"sc_services_item_description\">\r\n\t\t\t\t\t\t<p>Existem v\u00e1rias linhas ou diferentes formas para se \u00a0buscar o autoconhecimento. Eu trabalho dentro de uma linha Junguiana, transpessoal, que olha o...<\/p><a href=\"https:\/\/suapsique.com.br\/?services=psicoterapia\" class=\"sc_services_item_readmore\">Saiba mais<span class=\"icon-double-right\"><\/span><\/a>\t\t\t\t\t<\/div>\r\n\t\t\t\t<\/div>\r\n\t\t\t<\/div>\r\n\t\t<\/div><\/div><\/div><!-- \/.sc_services --><\/div><!-- \/.sc_services_wrap --><\/div><\/div><\/div>[\/vc_column][\/vc_row][vc_row full_width=&#8221;stretch_row&#8221; css=&#8221;.vc_custom_1461230118754{background-image: url(http:\/\/suapsique.com.br\/wp-content\/uploads\/2016\/04\/about_bg.jpg?id=318) !important;}&#8221;][vc_column width=&#8221;1\/2&#8243; css=&#8221;.vc_custom_1461323485740{padding-top: 0.8em !important;}&#8221;]<div class=\"sc_section margin_top_large inverse_section\"><div class=\"sc_section_inner\"><h6 class=\"sc_section_subtitle sc_item_subtitle\">EXPERI\u00caNCIA<\/h6><h1 class=\"sc_section_title sc_item_title\">Minha forma\u00e7\u00e3o<\/h1><div class=\"sc_section_content_wrap\"><div class=\"sc_section sc_section_block margin_top_medium margin_right_small\"><div class=\"sc_section_inner\"><div class=\"sc_section_content_wrap\"><div class=\"cq-draggable-container \" data-draggingbarbgcolor=\"#445455\" data-defaultbarbgcolor=\"#27abb7\" data-avatarstyle=\"icon\" data-activeiconcolor=\"#dd3333\" data-autoplay=\"yes\" data-autoplayspeed=\"5000\" data-labelcolor=\"\" data-dragbuttonwidth=\"\" data-contaienrwidth=\"100%\"><div class=\"cq-draggable-slider\"><div class=\"cq-draggable-stripe\"><div class=\"cq-draggable-handle\"><div class=\"cq-infobox green\"><div class=\"cq-titlecontainer\"><div class=\"cq-titlebar\">Gradua\u00e7\u00e3o em psicologia<\/div><div class=\"cq-titlebar\">Psicossom\u00e1tica<\/div><div class=\"cq-titlebar\">Terapia Regressiva<\/div><div class=\"cq-titlebar\">EMDR<\/div><div class=\"cq-titlebar\">Brainspotting<\/div><\/div><div class=\"cq-innerbox\"><div class=\"cq-carouselcontainer\"><\/div><\/div><\/div><\/div><\/div><div class=\"cq-barcontainer\"><div class=\"cq-highlight-container icon\"><div class=\"cq-highlight circle\" data-iconbgcolors=\"#27abb7\"><span class=\"fa fa-1x fa-graduation-cap\"><\/span><\/div><span class=\"cq-highlight-label\">1985<\/span><\/div><div class=\"cq-highlight-container icon\"><div class=\"cq-highlight circle\" data-iconbgcolors=\"#27abb7\"><span class=\"fa fa-1x fa-graduation-cap\"><\/span><\/div><span class=\"cq-highlight-label\">1998<\/span><\/div><div class=\"cq-highlight-container icon\"><div class=\"cq-highlight circle\" data-iconbgcolors=\"#27abb7\"><span class=\"fa fa-1x fa-graduation-cap\"><\/span><\/div><span class=\"cq-highlight-label\">2009<\/span><\/div><div class=\"cq-highlight-container icon\"><div class=\"cq-highlight circle\" data-iconbgcolors=\"#27abb7\"><span class=\"fa fa-1x fa-graduation-cap\"><\/span><\/div><span class=\"cq-highlight-label\">2011<\/span><\/div><div class=\"cq-highlight-container icon\"><div class=\"cq-highlight circle\" data-iconbgcolors=\"#27abb7\"><span class=\"fa fa-1x fa-graduation-cap\"><\/span><\/div><span class=\"cq-highlight-label\">2013<\/span><\/div><\/div><\/div><\/div><\/div><\/div><\/div><\/div><\/div><\/div>[\/vc_column][vc_column width=&#8221;1\/2&#8243; css=&#8221;.vc_custom_1461323388980{padding-top: 0.8em !important;padding-bottom: 2.8em !important;}&#8221;]<div class=\"sc_section margin_top_large margin_bottom_medium margin_left_medium inverse_section\"><div class=\"sc_section_inner\"><h6 class=\"sc_section_subtitle sc_item_subtitle\">o que eu trato<\/h6><h1 class=\"sc_section_title sc_item_title\">Pr\u00e1tica<\/h1><div class=\"sc_section_content_wrap\"><div class=\"columns_wrap sc_columns columns_nofluid sc_columns_count_2 margin_top_small\"><div class=\"column-1_2 sc_column_item sc_column_item_1 odd first\"><ul class=\"sc_list sc_list_style_iconed about \" style=\"color:#ffffff;\"><li class=\"sc_list_item odd first\" title=\"Ansiedade e Depress\u00e3o\"><span class=\"sc_list_icon icon-ok\" style=\"color:#ffffff;\"><\/span>Ansiedade e Depress\u00e3o<\/li><li class=\"sc_list_item even\" title=\"Traumas e Abusos\"><span class=\"sc_list_icon icon-ok\" style=\"color:#ffffff;\"><\/span>Traumas e Abusos<\/li><li class=\"sc_list_item odd\" title=\"Relacionamentos\"><span class=\"sc_list_icon icon-ok\" style=\"color:#ffffff;\"><\/span>Relacionamentos<\/li><li class=\"sc_list_item even\" title=\"Orienta\u00e7\u00e3o vocacional\"><span class=\"sc_list_icon icon-ok\" style=\"color:#ffffff;\"><\/span>Orienta\u00e7\u00e3o vocacional<\/li><li class=\"sc_list_item odd\" title=\"Ludoterapia\"><span class=\"sc_list_icon icon-ok\" style=\"color:#ffffff;\"><\/span>Ludoterapia<\/li><\/ul><\/div><div class=\"column-1_2 sc_column_item sc_column_item_2 even\"><ul class=\"sc_list sc_list_style_iconed about \" style=\"color:#ffffff;\"><li class=\"sc_list_item odd first\" title=\"Transi\u00e7\u00f5es de vida\"><span class=\"sc_list_icon icon-ok\" style=\"color:#ffffff;\"><\/span>Transi\u00e7\u00f5es de vida<\/li><li class=\"sc_list_item even\" title=\"Frusta\u00e7\u00f5es na carreira\"><span class=\"sc_list_icon icon-ok\" style=\"color:#ffffff;\"><\/span>Frusta\u00e7\u00f5es na carreira<\/li><li class=\"sc_list_item odd\" title=\"Elabora\u00e7\u00e3o do luto\"><span class=\"sc_list_icon icon-ok\" style=\"color:#ffffff;\"><\/span>Elabora\u00e7\u00e3o do luto<\/li><li class=\"sc_list_item even\" title=\"Autoconhecimento\"><span class=\"sc_list_icon icon-ok\" style=\"color:#ffffff;\"><\/span>Autoconhecimento<\/li><\/ul><\/div><\/div><\/div><\/div><\/div>[\/vc_column][\/vc_row][vc_row 0=&#8221;&#8221;][vc_column css=&#8221;.vc_custom_1461678598689{padding-bottom: 1.1em !important;}&#8221;]<div class=\"sc_section margin_top_huge margin_bottom_tiny aligncenter\"><div class=\"sc_section_inner\"><h6 class=\"sc_section_subtitle sc_item_subtitle\">Casais e relacionamentos<\/h6><h1 class=\"sc_section_title sc_item_title\">Terapia<\/h1><div class=\"sc_section_content_wrap\"><div id=\"sc_services_1215843130_wrap\" class=\"sc_services_wrap\"><div id=\"sc_services_1215843130\" class=\"sc_services sc_services_style_services-1 sc_services_type_images  margin_top_medium\" style=\"width:100%;\"><div class=\"sc_columns columns_wrap\"><div class=\"column-1_3 column_padding_bottom\">\t\t\t<div id=\"sc_services_1215843130_1\"\t\t\t\tclass=\"sc_services_item sc_services_item_1 odd first\"\r\n\t\t\t\t>\r\n\t\t\t\t\t\t\t\t\t<div class=\"sc_services_item_featured post_featured\">\r\n\t\t\t\t\t\t\t<div class=\"post_thumb\" data-image=\"https:\/\/suapsique.com.br\/wp-content\/uploads\/2018\/02\/instahipnose-copy.png\" data-title=\"Terapia de Casais e Fam\u00edlia\">\n\t<a class=\"hover_icon hover_icon_link\" href=\"https:\/\/suapsique.com.br\/?services=terapia-de-casais-e-familia\"><img class=\"wp-post-image\" width=\"138\" height=\"138\" alt=\"Terapia de Casais e Fam\u00edlia\" src=\"https:\/\/suapsique.com.br\/wp-content\/uploads\/2018\/02\/instahipnose-copy-138x138.png\"><\/a>\t<\/div>\n\t\t\t\t\t\t<\/div>\r\n\t\t\t\t\t\t\t\t\t<div class=\"sc_services_item_content\">\r\n\t\t\t\t\t<h4 class=\"sc_services_item_title\"><a href=\"https:\/\/suapsique.com.br\/?services=terapia-de-casais-e-familia\">Terapia de Casais e Fam\u00edlia<\/a><\/h4>\r\n\t\t\t\t\t<div class=\"sc_services_item_description\">\r\n\t\t\t\t\t\t<p>Todo relacionamento \u00e9 um processo din\u00e2mico em que se alternam bons e maus momentos. Entretanto, algumas vezes, sentimos que estamos no limite e...<\/p><a href=\"https:\/\/suapsique.com.br\/?services=terapia-de-casais-e-familia\" class=\"sc_services_item_readmore\">Saiba Mais<span class=\"icon-double-right\"><\/span><\/a>\t\t\t\t\t<\/div>\r\n\t\t\t\t<\/div>\r\n\t\t\t<\/div>\r\n\t\t<\/div><div class=\"column-1_3 column_padding_bottom\">\t\t\t<div id=\"sc_services_1215843130_2\"\t\t\t\tclass=\"sc_services_item sc_services_item_2 even\"\r\n\t\t\t\t>\r\n\t\t\t\t\t\t\t\t\t<div class=\"sc_services_item_featured post_featured\">\r\n\t\t\t\t\t\t\t<div class=\"post_thumb\" data-image=\"https:\/\/suapsique.com.br\/wp-content\/uploads\/2018\/02\/instapsicodiagn\u00f3stico-copy-2.png\" data-title=\"Orienta\u00e7\u00e3o Vocacional\">\n\t<a class=\"hover_icon hover_icon_link\" href=\"https:\/\/suapsique.com.br\/?services=orientacao-vocacional\"><img class=\"wp-post-image\" width=\"138\" height=\"138\" alt=\"Orienta\u00e7\u00e3o Vocacional\" src=\"https:\/\/suapsique.com.br\/wp-content\/uploads\/2018\/02\/instapsicodiagn\u00f3stico-copy-2-138x138.png\"><\/a>\t<\/div>\n\t\t\t\t\t\t<\/div>\r\n\t\t\t\t\t\t\t\t\t<div class=\"sc_services_item_content\">\r\n\t\t\t\t\t<h4 class=\"sc_services_item_title\"><a href=\"https:\/\/suapsique.com.br\/?services=orientacao-vocacional\">Orienta\u00e7\u00e3o Vocacional<\/a><\/h4>\r\n\t\t\t\t\t<div class=\"sc_services_item_description\">\r\n\t\t\t\t\t\t<p>Consiste em um processo terap\u00eautico mais definido e focado nas quest\u00f5es profissionais atrav\u00e9s do autoconhecimento e observa\u00e7\u00e3o dos recursos...<\/p><a href=\"https:\/\/suapsique.com.br\/?services=orientacao-vocacional\" class=\"sc_services_item_readmore\">Saiba Mais<span class=\"icon-double-right\"><\/span><\/a>\t\t\t\t\t<\/div>\r\n\t\t\t\t<\/div>\r\n\t\t\t<\/div>\r\n\t\t<\/div><div class=\"column-1_3 column_padding_bottom\">\t\t\t<div id=\"sc_services_1215843130_3\"\t\t\t\tclass=\"sc_services_item sc_services_item_3 odd\"\r\n\t\t\t\t>\r\n\t\t\t\t\t\t\t\t\t<div class=\"sc_services_item_featured post_featured\">\r\n\t\t\t\t\t\t\t<div class=\"post_thumb\" data-image=\"https:\/\/suapsique.com.br\/wp-content\/uploads\/2018\/02\/instapsicodiagn\u00f3stico-copy-3.png\" data-title=\"Ludoterapia\">\n\t<a class=\"hover_icon hover_icon_link\" href=\"https:\/\/suapsique.com.br\/?services=ludoterapia\"><img class=\"wp-post-image\" width=\"138\" height=\"138\" alt=\"Ludoterapia\" src=\"https:\/\/suapsique.com.br\/wp-content\/uploads\/2018\/02\/instapsicodiagn\u00f3stico-copy-3-138x138.png\"><\/a>\t<\/div>\n\t\t\t\t\t\t<\/div>\r\n\t\t\t\t\t\t\t\t\t<div class=\"sc_services_item_content\">\r\n\t\t\t\t\t<h4 class=\"sc_services_item_title\"><a href=\"https:\/\/suapsique.com.br\/?services=ludoterapia\">Ludoterapia<\/a><\/h4>\r\n\t\t\t\t\t<div class=\"sc_services_item_description\">\r\n\t\t\t\t\t\t<p>\u00c9 o processo terap\u00eautico com crian\u00e7as feito atrav\u00e9s de brincadeiras e jogos que facilitam a forma de express\u00e3o, entendimento e reprocessamento dos...<\/p><a href=\"https:\/\/suapsique.com.br\/?services=ludoterapia\" class=\"sc_services_item_readmore\">Saiba Mais<span class=\"icon-double-right\"><\/span><\/a>\t\t\t\t\t<\/div>\r\n\t\t\t\t<\/div>\r\n\t\t\t<\/div>\r\n\t\t<\/div><\/div><\/div><!-- \/.sc_services --><\/div><!-- \/.sc_services_wrap --><\/div><\/div><\/div>[\/vc_column][\/vc_row][vc_row el_id=&#8221;4&#8243;][vc_column 0=&#8221;&#8221;]<div id=\"contato\" class=\"sc_section\"><div class=\"sc_section_inner\"><div class=\"sc_section_content_wrap\"><div  id=\"sc_form_1014630396_wrap\" class=\"sc_form_wrap scheme_original\"><div  id=\"sc_form_1014630396\" class=\"sc_form sc_form_style_form_2\">        <div class=\"sc_columns columns_wrap\">\r\n            <div class=\"sc_form_fields column-4_12 offset-2_12\">\r\n                <form  id=\"sc_form_1014630396_form\" data-formtype=\"form_2\" method=\"post\" action=\"https:\/\/suapsique.com.br\/wp-admin\/admin-ajax.php\">\r\n                                        <h6 class=\"sc_form_subtitle\">marque uma consulta<\/h6>\r\n                    <h3 class=\"sc_form_title\">Contato<\/h3>\r\n                    <div class=\"sc_form_info sc_columns\">\r\n                        <div class=\"sc_form_item sc_form_field label_over column-1_2\"><label class=\"required\" for=\"sc_form_username\">Name<\/label><input id=\"sc_form_username\" type=\"text\" name=\"username\" placeholder=\"Your name\"><\/div>\r\n                        <div class=\"sc_form_item sc_form_field label_over column-1_2\"><label class=\"required\" for=\"sc_form_email\">E-mail<\/label><input id=\"sc_form_email\" type=\"text\" name=\"email\" placeholder=\"Your email\"><\/div>\r\n                    <\/div>\r\n                    <div class=\"sc_form_item sc_form_message label_over\"><label class=\"required\" for=\"sc_form_message\">Message<\/label><textarea id=\"sc_form_message\" name=\"message\" placeholder=\"Your message\"><\/textarea><\/div>\r\n                    <div class=\"sc_form_item sc_form_button\"><button class=\"sc_button sc_button_square sc_button_style_filled sc_button_size_large\">Send Message<\/button><\/div>\r\n                    <div class=\"result sc_infobox\"><\/div>\r\n                <\/form>\r\n            <\/div><div class=\"sc_form_address column-1_3 offset-1_12\">\r\n                <h6 class=\"sc_form_subtitle\"><\/h6>\r\n                <h3 class=\"sc_form_title\"><\/h3>\r\n                <div class=\"sc_form_address_field\">\r\n                    <span class=\"sc_form_address_label\">Location:<\/span>\r\n                    <span class=\"sc_form_address_data\">Rua Tenente Gomes Ribeiro 57, cjto 63 - S\u00e3o Paulo, SP<\/span>\r\n                <\/div>\r\n                <div class=\"sc_form_address_field phone\">\r\n                    <span class=\"sc_form_address_label\">Phone:<\/span>\r\n                    <span class=\"sc_form_address_data\">Whatsapp (11) 991368629<\/span>\r\n                <\/div>\r\n                <div class=\"sc_form_address_field\">\r\n                    <span class=\"sc_form_address_label\">Email:<\/span>\r\n                    <span class=\"sc_form_address_data mail\">cris@suapsique.com.br<\/span>\r\n                <\/div>\r\n            <\/div>\r\n        <\/div>\r\n\t\t<\/div><\/div><\/div><\/div><\/div>[\/vc_column][\/vc_row]<\/p>\n","protected":false},"excerpt":{"rendered":"<p>[vc_row full_width=&#8221;stretch_row&#8221; inverse=&#8221;&#8221; css=&#8221;.vc_custom_1519481490859{background-color: #27abb7 !important;}&#8221; el_id=&#8221;1&#8243;][vc_column width=&#8221;1\/12&#8243;][\/vc_column][vc_column width=&#8221;5\/6&#8243; css=&#8221;.vc_custom_1461674735456{margin-top: 3.9em !important;margin-bottom: 2.1em !important;}&#8221;][\/vc_column][\/vc_row][vc_row el_id=&#8221;3&#8243;][vc_column 0=&#8221;&#8221;][\/vc_column][\/vc_row][vc_row full_width=&#8221;stretch_row&#8221; css=&#8221;.vc_custom_1461230118754{background-image: url(http:\/\/suapsique.com.br\/wp-content\/uploads\/2016\/04\/about_bg.jpg?id=318) !important;}&#8221;][vc_column width=&#8221;1\/2&#8243; css=&#8221;.vc_custom_1461323485740{padding-top: 0.8em !important;}&#8221;][\/vc_column][vc_column width=&#8221;1\/2&#8243; css=&#8221;.vc_custom_1461323388980{padding-top: 0.8em !important;padding-bottom: 2.8em !important;}&#8221;][\/vc_column][\/vc_row][vc_row 0=&#8221;&#8221;][vc_column css=&#8221;.vc_custom_1461678598689{padding-bottom: 1.1em !important;}&#8221;][\/vc_column][\/vc_row][vc_row el_id=&#8221;4&#8243;][vc_column 0=&#8221;&#8221;][\/vc_column][\/vc_row]<\/p>\n","protected":false},"author":1,"featured_media":0,"parent":0,"menu_order":0,"comment_status":"closed","ping_status":"closed","template":"","meta":[],"_links":{"self":[{"href":"https:\/\/suapsique.com.br\/index.php?rest_route=\/wp\/v2\/pages\/69"}],"collection":[{"href":"https:\/\/suapsique.com.br\/index.php?rest_route=\/wp\/v2\/pages"}],"about":[{"href":"https:\/\/suapsique.com.br\/index.php?rest_route=\/wp\/v2\/types\/page"}],"author":[{"embeddable":true,"href":"https:\/\/suapsique.com.br\/index.php?rest_route=\/wp\/v2\/users\/1"}],"replies":[{"embeddable":true,"href":"https:\/\/suapsique.com.br\/index.php?rest_route=%2Fwp%2Fv2%2Fcomments&post=69"}],"version-history":[{"count":55,"href":"https:\/\/suapsique.com.br\/index.php?rest_route=\/wp\/v2\/pages\/69\/revisions"}],"predecessor-version":[{"id":756,"href":"https:\/\/suapsique.com.br\/index.php?rest_route=\/wp\/v2\/pages\/69\/revisions\/756"}],"wp:attachment":[{"href":"https:\/\/suapsique.com.br\/index.php?rest_route=%2Fwp%2Fv2%2Fmedia&parent=69"}],"curies":[{"name":"wp","href":"https:\/\/api.w.org\/{rel}","templated":true}]}}